{"id":11,"date":"2025-06-19T16:00:38","date_gmt":"2025-06-19T14:00:38","guid":{"rendered":"https:\/\/lngv.pl\/?page_id=11"},"modified":"2025-07-10T07:39:54","modified_gmt":"2025-07-10T05:39:54","slug":"front_page","status":"publish","type":"page","link":"https:\/\/lngv.pl\/en\/","title":{"rendered":"Czym jest Longevity ?"},"content":{"rendered":"<div data-elementor-type=\"wp-page\" data-elementor-id=\"11\" class=\"elementor elementor-11\" data-elementor-post-type=\"page\">\n\t\t\t\t<div class=\"elementor-element elementor-element-652df0f e-flex e-con-boxed e-con e-parent\" data-id=\"652df0f\" data-element_type=\"container\">\n\t\t\t\t\t<div class=\"e-con-inner\">\n\t\t\t\t<div class=\"elementor-element elementor-element-b895353 de_scroll_animation_no elementor-widget elementor-widget-heading\" data-id=\"b895353\" data-element_type=\"widget\" data-widget_type=\"heading.default\">\n\t\t\t\t<div class=\"elementor-widget-container\">\n\t\t\t\t\t<h1 class=\"elementor-heading-title elementor-size-default\">Longevity or longevity<\/h1>\t\t\t\t<\/div>\n\t\t\t\t<\/div>\n\t\t\t\t<div class=\"elementor-element elementor-element-3dfc98f de_scroll_animation_no elementor-widget elementor-widget-text-editor\" data-id=\"3dfc98f\" data-element_type=\"widget\" data-widget_type=\"text-editor.default\">\n\t\t\t\t<div class=\"elementor-widget-container\">\n\t\t\t\t\t\t\t\t\t<p>It is a space for those who want to live a healthy, long and conscious life - but on their own terms. For one person, longevity means living to a hundred and more, for another it means living with lightness, peace of mind and great mental and physical condition.<\/p><p>In a world full of noise, conflicting advice, trends and miraculous promises - we are here to filter through the noise. We give you reliable, proven and science-based knowledge - given simply, understandably and without undue pressure, but with humour and detachment that works better than many diets.<\/p><p>We help you choose consciously, with your unique body in mind - because everyone is different and needs something different. We don't impose ready-made solutions. We show you how to build sustainable, healthy habits, how to return to them when life gets out of hand - and how to create your own path to your version of longevity, step by step.<\/p><p>Behind the brand <strong>Longevity<\/strong> stand Julia Mor and Eve Mor-Xhetani - friends and specialists brought together by a shared vision of holistic care for health, energy and wellbeing - from the inside and out.<br \/>On a daily basis, we offer individual consultations, courses, lectures and webinars - all to share knowledge that really works and support informed choices.<\/p><p>Our latest project is <strong>Longevity Retreats<\/strong> - trips created for women who want to do something for themselves: actively relax, deepen their knowledge and return home with a concrete action plan. This is more than just a holiday. During a week in a beautiful location, we combine movement, care and education with practice - so that each participant returns home not only relaxed, but also <strong>richer with specific tools, tricks and \"hooks\"<\/strong>which will allow her to give her own meaning to the word <strong>longevity<\/strong> - longevity, but in its own way.<\/p>\t\t\t\t\t\t\t\t<\/div>\n\t\t\t\t<\/div>\n\t\t<div class=\"elementor-element elementor-element-cc35029 e-con-full e-flex e-con e-child\" data-id=\"cc35029\" data-element_type=\"container\">\n\t\t\t\t<div class=\"elementor-element elementor-element-f8de71e de_scroll_animation_no elementor-widget elementor-widget-image-gallery\" data-id=\"f8de71e\" data-element_type=\"widget\" data-widget_type=\"image-gallery.default\">\n\t\t\t\t<div class=\"elementor-widget-container\">\n\t\t\t\t\t\t\t<div class=\"elementor-image-gallery\">\n\t\t\t<div id='gallery-1' class='gallery galleryid-11 gallery-columns-2 gallery-size-full'><figure class='gallery-item'>\n\t\t\t<div class='gallery-icon portrait'>\n\t\t\t\t<a data-elementor-open-lightbox=\"yes\" data-elementor-lightbox-slideshow=\"f8de71e\" data-elementor-lightbox-title=\"image0\" data-e-action-hash=\"#elementor-action%3Aaction%3Dlightbox%26settings%3DeyJpZCI6MTU5LCJ1cmwiOiJodHRwOlwvXC9sbmd2LnBsXC93cC1jb250ZW50XC91cGxvYWRzXC8yMDI1XC8wNlwvaW1hZ2UwLmpwZWciLCJzbGlkZXNob3ciOiJmOGRlNzFlIn0%3D\" href='http:\/\/lngv.pl\/wp-content\/uploads\/2025\/06\/image0.jpeg'><img fetchpriority=\"high\" decoding=\"async\" width=\"1204\" height=\"1600\" src=\"http:\/\/lngv.pl\/wp-content\/uploads\/2025\/06\/image0.jpeg\" class=\"attachment-full size-full\" alt=\"\" srcset=\"http:\/\/lngv.pl\/wp-content\/uploads\/2025\/06\/image0.jpeg 1204w, http:\/\/lngv.pl\/wp-content\/uploads\/2025\/06\/image0-226x300.jpeg 226w, http:\/\/lngv.pl\/wp-content\/uploads\/2025\/06\/image0-771x1024.jpeg 771w, http:\/\/lngv.pl\/wp-content\/uploads\/2025\/06\/image0-768x1021.jpeg 768w, http:\/\/lngv.pl\/wp-content\/uploads\/2025\/06\/image0-1156x1536.jpeg 1156w\" sizes=\"(max-width: 1204px) 100vw, 1204px\" \/><\/a>\n\t\t\t<\/div><\/figure><figure class='gallery-item'>\n\t\t\t<div class='gallery-icon portrait'>\n\t\t\t\t<a data-elementor-open-lightbox=\"yes\" data-elementor-lightbox-slideshow=\"f8de71e\" data-elementor-lightbox-title=\"edfe9799-93fc-4c58-b8b1-c1abaae270a4\" data-e-action-hash=\"#elementor-action%3Aaction%3Dlightbox%26settings%3DeyJpZCI6MTQwLCJ1cmwiOiJodHRwOlwvXC9sbmd2LnBsXC93cC1jb250ZW50XC91cGxvYWRzXC8yMDI1XC8wNlwvZWRmZTk3OTktOTNmYy00YzU4LWI4YjEtYzFhYmFhZTI3MGE0LmpwZyIsInNsaWRlc2hvdyI6ImY4ZGU3MWUifQ%3D%3D\" href='http:\/\/lngv.pl\/wp-content\/uploads\/2025\/06\/edfe9799-93fc-4c58-b8b1-c1abaae270a4.jpg'><img decoding=\"async\" width=\"1290\" height=\"1720\" src=\"http:\/\/lngv.pl\/wp-content\/uploads\/2025\/06\/edfe9799-93fc-4c58-b8b1-c1abaae270a4.jpg\" class=\"attachment-full size-full\" alt=\"\" srcset=\"http:\/\/lngv.pl\/wp-content\/uploads\/2025\/06\/edfe9799-93fc-4c58-b8b1-c1abaae270a4.jpg 1290w, http:\/\/lngv.pl\/wp-content\/uploads\/2025\/06\/edfe9799-93fc-4c58-b8b1-c1abaae270a4-225x300.jpg 225w, http:\/\/lngv.pl\/wp-content\/uploads\/2025\/06\/edfe9799-93fc-4c58-b8b1-c1abaae270a4-768x1024.jpg 768w, http:\/\/lngv.pl\/wp-content\/uploads\/2025\/06\/edfe9799-93fc-4c58-b8b1-c1abaae270a4-1152x1536.jpg 1152w\" sizes=\"(max-width: 1290px) 100vw, 1290px\" \/><\/a>\n\t\t\t<\/div><\/figure>\n\t\t<\/div>\n\t\t<\/div>\n\t\t\t\t\t\t<\/div>\n\t\t\t\t<\/div>\n\t\t\t\t<\/div>\n\t\t\t\t\t<\/div>\n\t\t\t\t<\/div>\n\t\t<div class=\"elementor-element elementor-element-6caac2b5 e-flex e-con-boxed e-con e-parent\" data-id=\"6caac2b5\" data-element_type=\"container\">\n\t\t\t\t\t<div class=\"e-con-inner\">\n\t\t\t\t<div class=\"elementor-element elementor-element-6e5cf76 de_scroll_animation_no elementor-widget elementor-widget-heading\" data-id=\"6e5cf76\" data-element_type=\"widget\" data-widget_type=\"heading.default\">\n\t\t\t\t<div class=\"elementor-widget-container\">\n\t\t\t\t\t<h2 class=\"elementor-heading-title elementor-size-default\"><span data-offset-key=\"5q66i-0-0\">Why we created Longevity <\/span><\/h2>\t\t\t\t<\/div>\n\t\t\t\t<\/div>\n\t\t\t\t<div class=\"elementor-element elementor-element-77d3febb de_scroll_animation_no elementor-widget elementor-widget-text-editor\" data-id=\"77d3febb\" data-element_type=\"widget\" data-widget_type=\"text-editor.default\">\n\t\t\t\t<div class=\"elementor-widget-container\">\n\t\t\t\t\t\t\t\t\t<div data-contents=\"true\"><p>Julia i Ewa &#8211; kobiety, kt\u00f3re przez lata toczy\u0142y w\u0142asn\u0105 walk\u0119 o zdrowie, r\u00f3wnowag\u0119 i dobre samopoczucie.<\/p><p>We have come a long way. We have struggled with excess weight, hormonal imbalances, stress and lack of energy. We have tested all sorts of diets, workout plans, treatments, supplements and body and head work techniques on ourselves. We went through everything from miracle solutions to total failures. And it was only years later that we realised <strong>it is not about revolution, but about smart, integrated action - tailored to us and based on knowledge<\/strong>.<\/p><p>Today we are sharing what really works. What makes sense, is scientifically proven and what can be implemented in daily life without pressure and perfectionism. Because we believe that each of us is different and that is why we need <strong>individual approach<\/strong>.<\/p><p>Our professional paths are different but perfectly complementary:<br \/>Julia - a master's degree in behavioural nutrition, certified personal trainer and coach - works with people who want to take back control of their bodies, energy and lifestyle.<br \/>Eve - a chemistry and cosmetology major, nurse, university lecturer and media expert - supports building healthy, radiant skin and teaches how to choose skincare and cosmetics wisely.<\/p><p>Over time, we noticed that our specialities increasingly intersected. Long conversations and a constant exchange of experiences have shown us that true health is more than just diet or care - it is a holistic approach to the body and mind. We often consult each other to better tailor supplementation, skincare, exercise or nutrition plans to our clients. And so, out of our passions, experiences and willingness to share them, the idea of creating a shared space where our clients can count on reliable, holistic care, based on knowledge, experience and scientific foundations, was born.<\/p><p>And so the idea of creating a shared space was born - <strong>Longevity<\/strong>.<\/p><p>This is not a project just about health or beauty. It is a space for those who want to live consciously, longer, but in their own way.<br \/>We give you the knowledge, tools and support to help you build step by step <strong>your own version of longevity<\/strong> That is, without being uptight, but with sensitivity, distance and a sense of humour.<\/p><\/div>\t\t\t\t\t\t\t\t<\/div>\n\t\t\t\t<\/div>\n\t\t\t\t\t<\/div>\n\t\t\t\t<\/div>\n\t\t\t\t<\/div>","protected":false},"excerpt":{"rendered":"<p>Longevity czyli d\u0142ugowieczno\u015b\u0107 To przestrze\u0144 dla tych, kt\u00f3rzy chc\u0105 \u017cy\u0107 zdrowo, d\u0142ugo i \u015bwiadomie \u2013 ale na w\u0142asnych zasadach. Dla jednej osoby longevity oznacza do\u017cy\u0107 setki i wi\u0119cej, dla innej \u2013 \u017cy\u0107 z lekko\u015bci\u0105, spokojem i \u015bwietn\u0105 kondycj\u0105 psycho-fizyczn\u0105. W \u015bwiecie pe\u0142nym ha\u0142asu, sprzecznych porad, trend\u00f3w i cudownych obietnic \u2013 my jeste\u015bmy tu po to, [&hellip;]<\/p>","protected":false},"author":1,"featured_media":0,"parent":0,"menu_order":0,"comment_status":"closed","ping_status":"closed","template":"","meta":{"ocean_post_layout":"","ocean_both_sidebars_style":"","ocean_both_sidebars_content_width":0,"ocean_both_sidebars_sidebars_width":0,"ocean_sidebar":"","ocean_second_sidebar":"","ocean_disable_margins":"enable","ocean_add_body_class":"","ocean_shortcode_before_top_bar":"","ocean_shortcode_after_top_bar":"","ocean_shortcode_before_header":"","ocean_shortcode_after_header":"","ocean_has_shortcode":"","ocean_shortcode_after_title":"","ocean_shortcode_before_footer_widgets":"","ocean_shortcode_after_footer_widgets":"","ocean_shortcode_before_footer_bottom":"","ocean_shortcode_after_footer_bottom":"","ocean_display_top_bar":"default","ocean_display_header":"default","ocean_header_style":"","ocean_center_header_left_menu":"","ocean_custom_header_template":"","ocean_custom_logo":0,"ocean_custom_retina_logo":0,"ocean_custom_logo_max_width":0,"ocean_custom_logo_tablet_max_width":0,"ocean_custom_logo_mobile_max_width":0,"ocean_custom_logo_max_height":0,"ocean_custom_logo_tablet_max_height":0,"ocean_custom_logo_mobile_max_height":0,"ocean_header_custom_menu":"","ocean_menu_typo_font_family":"","ocean_menu_typo_font_subset":"","ocean_menu_typo_font_size":0,"ocean_menu_typo_font_size_tablet":0,"ocean_menu_typo_font_size_mobile":0,"ocean_menu_typo_font_size_unit":"px","ocean_menu_typo_font_weight":"","ocean_menu_typo_font_weight_tablet":"","ocean_menu_typo_font_weight_mobile":"","ocean_menu_typo_transform":"","ocean_menu_typo_transform_tablet":"","ocean_menu_typo_transform_mobile":"","ocean_menu_typo_line_height":0,"ocean_menu_typo_line_height_tablet":0,"ocean_menu_typo_line_height_mobile":0,"ocean_menu_typo_line_height_unit":"","ocean_menu_typo_spacing":0,"ocean_menu_typo_spacing_tablet":0,"ocean_menu_typo_spacing_mobile":0,"ocean_menu_typo_spacing_unit":"","ocean_menu_link_color":"","ocean_menu_link_color_hover":"","ocean_menu_link_color_active":"","ocean_menu_link_background":"","ocean_menu_link_hover_background":"","ocean_menu_link_active_background":"","ocean_menu_social_links_bg":"","ocean_menu_social_hover_links_bg":"","ocean_menu_social_links_color":"","ocean_menu_social_hover_links_color":"","ocean_disable_title":"default","ocean_disable_heading":"default","ocean_post_title":"","ocean_post_subheading":"","ocean_post_title_style":"","ocean_post_title_background_color":"","ocean_post_title_background":0,"ocean_post_title_bg_image_position":"","ocean_post_title_bg_image_attachment":"","ocean_post_title_bg_image_repeat":"","ocean_post_title_bg_image_size":"","ocean_post_title_height":0,"ocean_post_title_bg_overlay":0.5,"ocean_post_title_bg_overlay_color":"","ocean_disable_breadcrumbs":"default","ocean_breadcrumbs_color":"","ocean_breadcrumbs_separator_color":"","ocean_breadcrumbs_links_color":"","ocean_breadcrumbs_links_hover_color":"","ocean_display_footer_widgets":"default","ocean_display_footer_bottom":"default","ocean_custom_footer_template":"","footnotes":""},"class_list":["post-11","page","type-page","status-publish","hentry","entry"],"_links":{"self":[{"href":"https:\/\/lngv.pl\/en\/wp-json\/wp\/v2\/pages\/11","targetHints":{"allow":["GET"]}}],"collection":[{"href":"https:\/\/lngv.pl\/en\/wp-json\/wp\/v2\/pages"}],"about":[{"href":"https:\/\/lngv.pl\/en\/wp-json\/wp\/v2\/types\/page"}],"author":[{"embeddable":true,"href":"https:\/\/lngv.pl\/en\/wp-json\/wp\/v2\/users\/1"}],"replies":[{"embeddable":true,"href":"https:\/\/lngv.pl\/en\/wp-json\/wp\/v2\/comments?post=11"}],"version-history":[{"count":40,"href":"https:\/\/lngv.pl\/en\/wp-json\/wp\/v2\/pages\/11\/revisions"}],"predecessor-version":[{"id":654,"href":"https:\/\/lngv.pl\/en\/wp-json\/wp\/v2\/pages\/11\/revisions\/654"}],"wp:attachment":[{"href":"https:\/\/lngv.pl\/en\/wp-json\/wp\/v2\/media?parent=11"}],"curies":[{"name":"wp","href":"https:\/\/api.w.org\/{rel}","templated":true}]}}